{"id":390,"date":"2020-06-16T17:05:36","date_gmt":"2020-06-16T20:05:36","guid":{"rendered":"https:\/\/pousadadaladeira.com.br\/pt\/?page_id=390"},"modified":"2020-07-07T19:38:30","modified_gmt":"2020-07-07T22:38:30","slug":"pre-check-in","status":"publish","type":"page","link":"https:\/\/pousadadaladeira.com.br\/es\/pre-check-in\/","title":{"rendered":"Pousada da Ladeira &#8211; Pr\u00e9 Check-In"},"content":{"rendered":"\t\t<div data-elementor-type=\"wp-page\" data-elementor-id=\"390\" class=\"elementor elementor-390\">\n\t\t\t\t\t\t\t\t\t<section class=\"elementor-section elementor-top-section elementor-element elementor-element-6c6e2fd elementor-section-stretched elementor-section-height-min-height elementor-section-boxed elementor-section-height-default elementor-section-items-middle\" data-id=\"6c6e2fd\" data-element_type=\"section\" data-settings=\"{&quot;stretch_section&quot;:&quot;section-stretched&quot;,&quot;background_background&quot;:&quot;classic&quot;}\">\n\t\t\t\t\t\t<div class=\"elementor-container elementor-column-gap-default\">\n\t\t\t\t\t<div class=\"elementor-column elementor-col-100 elementor-top-column elementor-element elementor-element-9e38550\" data-id=\"9e38550\" data-element_type=\"column\">\n\t\t\t<div class=\"elementor-widget-wrap elementor-element-populated\">\n\t\t\t\t\t\t\t\t<div class=\"elementor-element elementor-element-941e9be elementor-widget elementor-widget-heading\" data-id=\"941e9be\" data-element_type=\"widget\" data-widget_type=\"heading.default\">\n\t\t\t\t<div class=\"elementor-widget-container\">\n\t\t\t<h2 class=\"elementor-heading-title elementor-size-default\">Pr\u00e9 Check-In<\/h2>\t\t<\/div>\n\t\t\t\t<\/div>\n\t\t\t\t<div class=\"elementor-element elementor-element-caa8759 elementor-widget elementor-widget-text-editor\" data-id=\"caa8759\" data-element_type=\"widget\" id=\"paragrafoCheckin\" data-widget_type=\"text-editor.default\">\n\t\t\t\t<div class=\"elementor-widget-container\">\n\t\t\t\t\t\t\tPara que voc\u00ea tenha mais comodidade e praticidade, solicitamos que voc\u00ea realize o seu pr\u00e9 check-in atrav\u00e9s do formul\u00e1rio abaixo. Assim, ao chegar na Pousada da Ladeira voc\u00ea s\u00f3 precisar\u00e1 assinar o formul\u00e1rio e apresentar seus documentos, sem perder tempo na recep\u00e7\u00e3o e aproveitando mais a sua estadia. Seja bem-vindo!\t\t\t\t\t\t<\/div>\n\t\t\t\t<\/div>\n\t\t\t\t\t<\/div>\n\t\t<\/div>\n\t\t\t\t\t\t\t<\/div>\n\t\t<\/section>\n\t\t\t\t<section class=\"elementor-section elementor-top-section elementor-element elementor-element-3a77015 elementor-section-boxed elementor-section-height-default elementor-section-height-default\" data-id=\"3a77015\" data-element_type=\"section\" data-settings=\"{&quot;background_background&quot;:&quot;classic&quot;}\">\n\t\t\t\t\t\t<div class=\"elementor-container elementor-column-gap-default\">\n\t\t\t\t\t<div class=\"elementor-column elementor-col-100 elementor-top-column elementor-element elementor-element-520af86\" data-id=\"520af86\" data-element_type=\"column\">\n\t\t\t<div class=\"elementor-widget-wrap elementor-element-populated\">\n\t\t\t\t\t\t\t\t<div class=\"elementor-element elementor-element-8466444 elementor-widget elementor-widget-shortcode\" data-id=\"8466444\" data-element_type=\"widget\" data-widget_type=\"shortcode.default\">\n\t\t\t\t<div class=\"elementor-widget-container\">\n\t\t\t\t\t<div class=\"elementor-shortcode\">\n<div class=\"wpcf7 no-js\" id=\"wpcf7-f398-o1\" lang=\"pt-BR\" dir=\"ltr\" data-wpcf7-id=\"398\">\n<div class=\"screen-reader-response\"><p role=\"status\" aria-live=\"polite\" aria-atomic=\"true\"><\/p> <ul><\/ul><\/div>\n<form action=\"\/es\/wp-json\/wp\/v2\/pages\/390#wpcf7-f398-o1\" method=\"post\" class=\"wpcf7-form init\" aria-label=\"Formul\u00e1rios de contato\" enctype=\"multipart\/form-data\" novalidate=\"novalidate\" data-status=\"init\">\n<div style=\"display: none;\">\n<input type=\"hidden\" name=\"_wpcf7\" value=\"398\" \/>\n<input type=\"hidden\" name=\"_wpcf7_version\" value=\"6.0\" \/>\n<input type=\"hidden\" name=\"_wpcf7_locale\" value=\"pt_BR\" \/>\n<input type=\"hidden\" name=\"_wpcf7_unit_tag\" value=\"wpcf7-f398-o1\" \/>\n<input type=\"hidden\" name=\"_wpcf7_container_post\" value=\"0\" \/>\n<input type=\"hidden\" name=\"_wpcf7_posted_data_hash\" value=\"\" \/>\n<input type=\"hidden\" name=\"lang\" value=\"es\" \/>\n<\/div>\n<p class=\"titulo-formulario\" style=\"text-transform: normal;\">Accommodation Information\n<\/p>\n<div class=\"conteiner-formulario\">\n\t<div class=\"campo direita\">\n\t\t<p><label>Fecha de entrada* <span class=\"wpcf7-form-control-wrap\" data-name=\"data-entrada\"><input class=\"wpcf7-form-control wpcf7-date wpcf7-validates-as-required wpcf7-validates-as-date input-formulario\" id=\"dataEntrada\" min=\"2020-06-17\" aria-required=\"true\" aria-invalid=\"false\" value=\"\" type=\"date\" name=\"data-entrada\" \/><\/span> <\/label>\n\t\t<\/p>\n\t<\/div>\n\t<div class=\"campo\">\n\t\t<p><label>Fecha de salida* <span class=\"wpcf7-form-control-wrap\" data-name=\"data-saida\"><input class=\"wpcf7-form-control wpcf7-date wpcf7-validates-as-required wpcf7-validates-as-date input-formulario\" id=\"dataSaida\" min=\"2020-06-17\" aria-required=\"true\" aria-invalid=\"false\" value=\"\" type=\"date\" name=\"data-saida\" \/><\/span> <\/label>\n\t\t<\/p>\n\t<\/div>\n\t<div class=\"campo direita\">\n\t\t<p><label>Hora de entrada <span class=\"wpcf7-form-control-wrap\" data-name=\"hora-entrada\"><input size=\"40\" maxlength=\"400\" class=\"wpcf7-form-control wpcf7-text horas input-formulario\" aria-invalid=\"false\" placeholder=\"HH:mm\" value=\"\" type=\"text\" name=\"hora-entrada\" \/><\/span> <\/label>\n\t\t<\/p>\n\t<\/div>\n\t<div class=\"campo\">\n\t\t<p><label>Hora de salida <span class=\"wpcf7-form-control-wrap\" data-name=\"hora-saida\"><input size=\"40\" maxlength=\"400\" class=\"wpcf7-form-control wpcf7-text horas input-formulario\" aria-invalid=\"false\" placeholder=\"HH:mm\" value=\"\" type=\"text\" name=\"hora-saida\" \/><\/span> <\/label>\n\t\t<\/p>\n\t<\/div>\n<\/div>\n<p class=\"titulo-formulario\" style=\"text-transform: normal;\">Guest Information\n<\/p>\n<div class=\"conteiner-formulario\">\n\t<div class=\"campo-completo\">\n\t\t<p><label>Nombre completo* <span class=\"wpcf7-form-control-wrap\" data-name=\"nome\"><input size=\"40\" maxlength=\"400\" class=\"wpcf7-form-control wpcf7-text wpcf7-validates-as-required input-formulario\" aria-required=\"true\" aria-invalid=\"false\" value=\"\" type=\"text\" name=\"nome\" \/><\/span> <\/label>\n\t\t<\/p>\n\t<\/div>\n\t<div class=\"campo direita\">\n\t\t<p><label>Fecha de nacimiento* <span class=\"wpcf7-form-control-wrap\" data-name=\"data-nascimento\"><input class=\"wpcf7-form-control wpcf7-date wpcf7-validates-as-required wpcf7-validates-as-date input-formulario\" aria-required=\"true\" aria-invalid=\"false\" value=\"\" type=\"date\" name=\"data-nascimento\" \/><\/span> <\/label>\n\t\t<\/p>\n\t<\/div>\n\t<div class=\"campo\">\n\t\t<p><label>A\u00f1os* <span class=\"wpcf7-form-control-wrap\" data-name=\"idade\"><input class=\"wpcf7-form-control wpcf7-number wpcf7-validates-as-required wpcf7-validates-as-number input-formulario\" min=\"0\" aria-required=\"true\" aria-invalid=\"false\" value=\"\" type=\"number\" name=\"idade\" \/><\/span> <\/label>\n\t\t<\/p>\n\t<\/div>\n\t<div class=\"campo-completo\">\n\t\t<p><label>G\u00e9nero* <span class=\"wpcf7-form-control-wrap\" data-name=\"sexo\"><select class=\"wpcf7-form-control wpcf7-select wpcf7-validates-as-required input-formulario\" aria-required=\"true\" aria-invalid=\"false\" name=\"sexo\"><option value=\"\">&#8212;Escolha uma op\u00e7\u00e3o&#8212;<\/option><option value=\"Masculino\">Masculino<\/option><option value=\"Feminino\">Feminino<\/option><option value=\"Outro\">Outro<\/option><\/select><\/span> <\/label>\n\t\t<\/p>\n\t<\/div>\n\t<div class=\"campo direita\">\n\t\t<p><label>Profesi\u00f3n <span class=\"wpcf7-form-control-wrap\" data-name=\"profissao\"><input size=\"40\" maxlength=\"400\" class=\"wpcf7-form-control wpcf7-text input-formulario\" aria-invalid=\"false\" value=\"\" type=\"text\" name=\"profissao\" \/><\/span> <\/label>\n\t\t<\/p>\n\t<\/div>\n\t<div class=\"campo\" style=\"margin-bottom: 3px\">\n\t\t<p><label>Nacionalidad* <span class=\"wpcf7-form-control-wrap\" data-name=\"nacionalidade\"><input size=\"40\" maxlength=\"400\" class=\"wpcf7-form-control wpcf7-text wpcf7-validates-as-required input-formulario\" aria-required=\"true\" aria-invalid=\"false\" value=\"\" type=\"text\" name=\"nacionalidade\" \/><\/span> <\/label>\n\t\t<\/p>\n\t<\/div>\n\t<div class=\"campo direita cpf-bloco\">\n\t\t<p><label>CPF* <span class=\"wpcf7-form-control-wrap\" data-name=\"cpf\"><input size=\"40\" maxlength=\"400\" class=\"wpcf7-form-control wpcf7-text wpcf7-validates-as-required cpf input-formulario\" aria-required=\"true\" aria-invalid=\"false\" value=\"\" type=\"text\" name=\"cpf\" \/><\/span> <\/label>\n\t\t<\/p>\n\t<\/div>\n\t<p class=\"obs-mob\">Si no eres brasile\u00f1o, ingresa 000.000.000-00\n\t<\/p>\n\t<div class=\"campo\">\n\t\t<p><label>E-mail* <span class=\"wpcf7-form-control-wrap\" data-name=\"email\"><input size=\"40\" maxlength=\"400\" class=\"wpcf7-form-control wpcf7-email wpcf7-validates-as-required wpcf7-text wpcf7-validates-as-email input-formulario\" aria-required=\"true\" aria-invalid=\"false\" value=\"\" type=\"email\" name=\"email\" \/><\/span> <\/label>\n\t\t<\/p>\n\t<\/div>\n\t<p class=\"obs\">Si no eres brasile\u00f1o, ingresa 000.000.000-00\n\t<\/p>\n\t<div class=\"campo-completo\">\n\t\t<p><label>Tel\u00e9fono* <span class=\"wpcf7-form-control-wrap\" data-name=\"telefone\"><input size=\"40\" maxlength=\"400\" class=\"wpcf7-form-control wpcf7-tel wpcf7-validates-as-required wpcf7-text wpcf7-validates-as-tel input-formulario\" aria-required=\"true\" aria-invalid=\"false\" value=\"\" type=\"tel\" name=\"telefone\" \/><\/span> <\/label>\n\t\t<\/p>\n\t<\/div>\n\t<div class=\"campo-completo\">\n\t\t<p><label>Documento de viaje <span class=\"wpcf7-form-control-wrap\" data-name=\"identidade\"><input class=\"wpcf7-form-control wpcf7-number wpcf7-validates-as-number input-formulario\" aria-invalid=\"false\" value=\"\" type=\"number\" name=\"identidade\" \/><\/span> <\/label>\n\t\t<\/p>\n\t<\/div>\n\t<div class=\"campo direita\">\n\t\t<p><label>Tipo <span class=\"wpcf7-form-control-wrap\" data-name=\"tipo-identidade\"><input size=\"40\" maxlength=\"400\" class=\"wpcf7-form-control wpcf7-text input-formulario\" aria-invalid=\"false\" value=\"\" type=\"text\" name=\"tipo-identidade\" \/><\/span> <\/label>\n\t\t<\/p>\n\t<\/div>\n\t<div class=\"campo\">\n\t\t<p><label>Pa\u00eds emisor <span class=\"wpcf7-form-control-wrap\" data-name=\"orgao-expedidor\"><input size=\"40\" maxlength=\"400\" class=\"wpcf7-form-control wpcf7-text input-formulario\" aria-invalid=\"false\" value=\"\" type=\"text\" name=\"orgao-expedidor\" \/><\/span> <\/label>\n\t\t<\/p>\n\t<\/div>\n\t<div class=\"campo-completo\">\n\t\t<p><label>Direccion de casa* <span class=\"wpcf7-form-control-wrap\" data-name=\"endereco\"><input size=\"40\" maxlength=\"400\" class=\"wpcf7-form-control wpcf7-text wpcf7-validates-as-required input-formulario\" aria-required=\"true\" aria-invalid=\"false\" value=\"\" type=\"text\" name=\"endereco\" \/><\/span> <\/label>\n\t\t<\/p>\n\t<\/div>\n\t<div class=\"campo direita\">\n\t\t<p><label>C\u00f3digo postal* <span class=\"wpcf7-form-control-wrap\" data-name=\"cep\"><input size=\"40\" maxlength=\"400\" class=\"wpcf7-form-control wpcf7-text wpcf7-validates-as-required cep input-formulario\" aria-required=\"true\" aria-invalid=\"false\" value=\"\" type=\"text\" name=\"cep\" \/><\/span> <\/label>\n\t\t<\/p>\n\t<\/div>\n\t<div class=\"campo\">\n\t\t<p><label>Ciudad* <span class=\"wpcf7-form-control-wrap\" data-name=\"cidade\"><input size=\"40\" maxlength=\"400\" class=\"wpcf7-form-control wpcf7-text wpcf7-validates-as-required input-formulario\" aria-required=\"true\" aria-invalid=\"false\" value=\"\" type=\"text\" name=\"cidade\" \/><\/span> <\/label>\n\t\t<\/p>\n\t<\/div>\n\t<div class=\"campo direita\">\n\t\t<p><label>Estado* <span class=\"wpcf7-form-control-wrap\" data-name=\"estado\"><input size=\"40\" maxlength=\"400\" class=\"wpcf7-form-control wpcf7-text wpcf7-validates-as-required input-formulario\" aria-required=\"true\" aria-invalid=\"false\" value=\"\" type=\"text\" name=\"estado\" \/><\/span> <\/label>\n\t\t<\/p>\n\t<\/div>\n\t<div class=\"campo\">\n\t\t<p><label>Pa\u00eds* <span class=\"wpcf7-form-control-wrap\" data-name=\"pais\"><input size=\"40\" maxlength=\"400\" class=\"wpcf7-form-control wpcf7-text wpcf7-validates-as-required input-formulario\" aria-required=\"true\" aria-invalid=\"false\" value=\"\" type=\"text\" name=\"pais\" \/><\/span> <\/label>\n\t\t<\/p>\n\t<\/div>\n\t<div class=\"campo direita\">\n\t\t<p><label>UH N\u00ba (Local) <span class=\"wpcf7-form-control-wrap\" data-name=\"uh-num\"><input class=\"wpcf7-form-control wpcf7-number wpcf7-validates-as-number input-formulario\" aria-invalid=\"false\" value=\"\" type=\"number\" name=\"uh-num\" \/><\/span><\/label>\n\t\t<\/p>\n\t<\/div>\n\t<div class=\"campo\">\n\t\t<p><label>No. Acompa\u00f1antes <span class=\"wpcf7-form-control-wrap\" data-name=\"acompanhantes\"><input class=\"wpcf7-form-control wpcf7-number wpcf7-validates-as-number input-formulario\" min=\"0\" aria-invalid=\"false\" value=\"\" type=\"number\" name=\"acompanhantes\" \/><\/span> <\/label>\n\t\t<\/p>\n\t<\/div>\n\t<div class=\"campo-completo\">\n\t\t<p><label>Llegando desde (Ciudad, Pa\u00eds) <span class=\"wpcf7-form-control-wrap\" data-name=\"ultimo-destino\"><input size=\"40\" maxlength=\"400\" class=\"wpcf7-form-control wpcf7-text input-formulario\" aria-invalid=\"false\" value=\"\" type=\"text\" name=\"ultimo-destino\" \/><\/span> <\/label>\n\t\t<\/p>\n\t<\/div>\n\t<div class=\"campo-completo\">\n\t\t<p><label>Pr\u00f3ximo destino (ciudad, pa\u00eds) <span class=\"wpcf7-form-control-wrap\" data-name=\"proximo-destino\"><input size=\"40\" maxlength=\"400\" class=\"wpcf7-form-control wpcf7-text input-formulario\" aria-invalid=\"false\" value=\"\" type=\"text\" name=\"proximo-destino\" \/><\/span> <\/label>\n\t\t<\/p>\n\t<\/div>\n\t<div class=\"campo-completo\">\n\t\t<p><label>Prop\u00f3sito de viaje <\/label><br \/>\n<span class=\"wpcf7-form-control-wrap\" data-name=\"motivos-viagem\"><span class=\"wpcf7-form-control wpcf7-checkbox checkbox-formulario\"><span class=\"wpcf7-list-item first\"><label><input type=\"checkbox\" name=\"motivos-viagem[]\" value=\"Vacaciones\" \/><span class=\"wpcf7-list-item-label\">Vacaciones<\/span><\/label><\/span><span class=\"wpcf7-list-item\"><label><input type=\"checkbox\" name=\"motivos-viagem[]\" value=\"Negocios\" \/><span class=\"wpcf7-list-item-label\">Negocios<\/span><\/label><\/span><span class=\"wpcf7-list-item\"><label><input type=\"checkbox\" name=\"motivos-viagem[]\" value=\"Convenci\u00f3n\" \/><span class=\"wpcf7-list-item-label\">Convenci\u00f3n<\/span><\/label><\/span><span class=\"wpcf7-list-item\"><label><input type=\"checkbox\" name=\"motivos-viagem[]\" value=\"Estudios\" \/><span class=\"wpcf7-list-item-label\">Estudios<\/span><\/label><\/span><span class=\"wpcf7-list-item\"><label><input type=\"checkbox\" name=\"motivos-viagem[]\" value=\"Salud\" \/><span class=\"wpcf7-list-item-label\">Salud<\/span><\/label><\/span><span class=\"wpcf7-list-item last\"><label><input type=\"checkbox\" name=\"motivos-viagem[]\" value=\"Otros\" \/><span class=\"wpcf7-list-item-label\">Otros<\/span><\/label><\/span><\/span><\/span>\n\t\t<\/p>\n\t<\/div>\n\t<div class=\"campo-completo\">\n\t\t<p><label>Transporte<\/label><br \/>\n<span class=\"wpcf7-form-control-wrap\" data-name=\"transporte\"><span class=\"wpcf7-form-control wpcf7-checkbox checkbox-formulario\"><span class=\"wpcf7-list-item first\"><label><input type=\"checkbox\" name=\"transporte[]\" value=\"Coche\" \/><span class=\"wpcf7-list-item-label\">Coche<\/span><\/label><\/span><span class=\"wpcf7-list-item\"><label><input type=\"checkbox\" name=\"transporte[]\" value=\"Avi\u00f3n\" \/><span class=\"wpcf7-list-item-label\">Avi\u00f3n<\/span><\/label><\/span><span class=\"wpcf7-list-item\"><label><input type=\"checkbox\" name=\"transporte[]\" value=\"Barco\" \/><span class=\"wpcf7-list-item-label\">Barco<\/span><\/label><\/span><span class=\"wpcf7-list-item\"><label><input type=\"checkbox\" name=\"transporte[]\" value=\"Autob\u00fas\" \/><span class=\"wpcf7-list-item-label\">Autob\u00fas<\/span><\/label><\/span><span class=\"wpcf7-list-item\"><label><input type=\"checkbox\" name=\"transporte[]\" value=\"Tren\" \/><span class=\"wpcf7-list-item-label\">Tren<\/span><\/label><\/span><span class=\"wpcf7-list-item last\"><label><input type=\"checkbox\" name=\"transporte[]\" value=\"Otro\" \/><span class=\"wpcf7-list-item-label\">Otro<\/span><\/label><\/span><\/span><\/span>\n\t\t<\/p>\n\t<\/div>\n\t<div class=\"campo-completo\">\n\t\t<p><label>Enviar una copia del documento* <span class=\"wpcf7-form-control-wrap\" data-name=\"documento\"><input size=\"40\" class=\"wpcf7-form-control wpcf7-file wpcf7-validates-as-required\" accept=\".png,.jpg,.jpeg,.pdf\" aria-required=\"true\" aria-invalid=\"false\" type=\"file\" name=\"documento\" \/><\/span><\/label>\n\t\t<\/p>\n\t<\/div>\n<\/div>\n<p><input class=\"wpcf7-form-control wpcf7-submit has-spinner\" type=\"submit\" value=\"Enviar\" \/>\n<\/p><div class=\"wpcf7-response-output\" aria-hidden=\"true\"><\/div>\n<\/form>\n<\/div>\n<\/div>\n\t\t\t\t<\/div>\n\t\t\t\t<\/div>\n\t\t\t\t\t<\/div>\n\t\t<\/div>\n\t\t\t\t\t\t\t<\/div>\n\t\t<\/section>\n\t\t\t\t\t\t\t<\/div>\n\t\t","protected":false},"excerpt":{"rendered":"<p>Pr\u00e9 Check-In Para que voc\u00ea tenha mais comodidade e praticidade, solicitamos que voc\u00ea realize o seu pr\u00e9 check-in atrav\u00e9s do formul\u00e1rio abaixo. Assim, ao chegar na Pousada da Ladeira voc\u00ea s\u00f3 precisar\u00e1 assinar o formul\u00e1rio e apresentar seus documentos, sem perder tempo na recep\u00e7\u00e3o e aproveitando mais a sua estadia. Seja bem-vindo!<\/p>\n","protected":false},"author":2,"featured_media":0,"parent":0,"menu_order":0,"comment_status":"closed","ping_status":"closed","template":"","meta":{"footnotes":""},"class_list":["post-390","page","type-page","status-publish","hentry"],"_links":{"self":[{"href":"https:\/\/pousadadaladeira.com.br\/es\/wp-json\/wp\/v2\/pages\/390"}],"collection":[{"href":"https:\/\/pousadadaladeira.com.br\/es\/wp-json\/wp\/v2\/pages"}],"about":[{"href":"https:\/\/pousadadaladeira.com.br\/es\/wp-json\/wp\/v2\/types\/page"}],"author":[{"embeddable":true,"href":"https:\/\/pousadadaladeira.com.br\/es\/wp-json\/wp\/v2\/users\/2"}],"replies":[{"embeddable":true,"href":"https:\/\/pousadadaladeira.com.br\/es\/wp-json\/wp\/v2\/comments?post=390"}],"version-history":[{"count":36,"href":"https:\/\/pousadadaladeira.com.br\/es\/wp-json\/wp\/v2\/pages\/390\/revisions"}],"predecessor-version":[{"id":436,"href":"https:\/\/pousadadaladeira.com.br\/es\/wp-json\/wp\/v2\/pages\/390\/revisions\/436"}],"wp:attachment":[{"href":"https:\/\/pousadadaladeira.com.br\/es\/wp-json\/wp\/v2\/media?parent=390"}],"curies":[{"name":"wp","href":"https:\/\/api.w.org\/{rel}","templated":true}]}}