{"id":464,"date":"2022-09-15T15:24:40","date_gmt":"2022-09-15T18:24:40","guid":{"rendered":"https:\/\/pousadadaladeira.com.br\/pt\/?page_id=464"},"modified":"2022-09-15T16:45:50","modified_gmt":"2022-09-15T19:45:50","slug":"politica-de-cookies","status":"publish","type":"page","link":"https:\/\/pousadadaladeira.com.br\/pt\/politica-de-cookies\/","title":{"rendered":"Pol\u00edtica de cookies"},"content":{"rendered":"\t\t<div data-elementor-type=\"wp-page\" data-elementor-id=\"464\" class=\"elementor elementor-464\">\n\t\t\t\t\t\t\t\t\t<section class=\"elementor-section elementor-top-section elementor-element elementor-element-3cf81c6 elementor-section-boxed elementor-section-height-default elementor-section-height-default\" data-id=\"3cf81c6\" data-element_type=\"section\">\n\t\t\t\t\t\t<div class=\"elementor-container elementor-column-gap-default\">\n\t\t\t\t\t<div class=\"elementor-column elementor-col-100 elementor-top-column elementor-element elementor-element-ad4b8df\" data-id=\"ad4b8df\" data-element_type=\"column\">\n\t\t\t<div class=\"elementor-widget-wrap elementor-element-populated\">\n\t\t\t\t\t\t\t\t<div class=\"elementor-element elementor-element-94973c0 elementor-widget elementor-widget-heading\" data-id=\"94973c0\" data-element_type=\"widget\" data-widget_type=\"heading.default\">\n\t\t\t\t<div class=\"elementor-widget-container\">\n\t\t\t<h2 class=\"elementor-heading-title elementor-size-default\">Pol\u00edtica de Cookies<\/h2>\t\t<\/div>\n\t\t\t\t<\/div>\n\t\t\t\t\t<\/div>\n\t\t<\/div>\n\t\t\t\t\t\t\t<\/div>\n\t\t<\/section>\n\t\t\t\t<section class=\"elementor-section elementor-top-section elementor-element elementor-element-7169020 elementor-section-boxed elementor-section-height-default elementor-section-height-default\" data-id=\"7169020\" data-element_type=\"section\">\n\t\t\t\t\t\t<div class=\"elementor-container elementor-column-gap-default\">\n\t\t\t\t\t<div class=\"elementor-column elementor-col-100 elementor-top-column elementor-element elementor-element-23aade7\" data-id=\"23aade7\" data-element_type=\"column\">\n\t\t\t<div class=\"elementor-widget-wrap elementor-element-populated\">\n\t\t\t\t\t\t\t\t<div class=\"elementor-element elementor-element-837cc1a elementor-widget elementor-widget-text-editor\" data-id=\"837cc1a\" data-element_type=\"widget\" data-widget_type=\"text-editor.default\">\n\t\t\t\t<div class=\"elementor-widget-container\">\n\t\t\t\t\t\t\t<p><span style=\"font-weight: 400;\">A <\/span><b>Pousada da Ladeira<\/b><span style=\"font-weight: 400;\"> utiliza cookies em seu site para melhorar a experi\u00eancia de navega\u00e7\u00e3o de seus h\u00f3spedes\/usu\u00e1rios. A presente Pol\u00edtica de Cookies apresentar\u00e1 informa\u00e7\u00f5es claras e objetivas sobre o que s\u00e3o Cookies, quais Cookies utilizamos em nossas aplica\u00e7\u00f5es, quais pap\u00e9is desempenham e como voc\u00ea pode configur\u00e1-los.<\/span><\/p><p><span style=\"font-size: 16px;\">Os Cookies s\u00e3o pequenos arquivos de texto que s\u00e3o baixados em seu computador, smartphone ou qualquer outro dispositivo utilizado por voc\u00ea ao visitar nossa aplica\u00e7\u00e3o, que permite ativar os recursos e as funcionalidades de nossos sites. Qualquer navegador que acesse nossos sites pode receber nossos Cookies ou Cookies de terceiros (clientes, parceiros, prestadores de servi\u00e7o).<\/span><\/p><p><span style=\"font-size: 16px;\">Eles cont\u00eam dados sobre a sua navega\u00e7\u00e3o em nossas p\u00e1ginas, as possibilitando armazenar e recuperar informa\u00e7\u00f5es relacionadas \u00e0s suas prefer\u00eancias de navega\u00e7\u00e3o, ajudando nossos sites a identificar seu dispositivo em novas visitas e de forma a melhorar a experi\u00eancia de uso. Os Cookies tamb\u00e9m garantem que as informa\u00e7\u00f5es disponibilizadas aos usu\u00e1rios reflitam suas prefer\u00eancias e sejam mais relevantes individualmente.<\/span><\/p><p><span style=\"font-size: 16px;\">Gostar\u00edamos de frisar que os Cookies n\u00e3o coletam e nem cont\u00eam informa\u00e7\u00f5es pessoais espec\u00edficas, como dados sens\u00edveis ou banc\u00e1rios.<\/span><\/p><p><span style=\"font-size: 16px;\">A instala\u00e7\u00e3o e a utiliza\u00e7\u00e3o dos cookies est\u00e3o sujeitas ao seu consentimento. No primeiro acesso a nosso site voc\u00ea receber\u00e1 uma notifica\u00e7\u00e3o solicitando sua concord\u00e2ncia para a instala\u00e7\u00e3o e, apenas ap\u00f3s voc\u00ea concordar, os Cookies ser\u00e3o ativados.<\/span><\/p><p><span style=\"font-size: 16px;\">Tamb\u00e9m gostar\u00edamos de alertar que caso voc\u00ea venha a limitar o uso de Cookies por nosso site, a qualidade da sua experi\u00eancia pode ser afetada, pois poder\u00e1 inviabilizar o funcionamento de alguns recursos da plataforma, al\u00e9m de impactar na personaliza\u00e7\u00e3o.<\/span><\/p><p><span style=\"font-size: 16px;\">Para gerenciar os cookies do seu navegador, voc\u00ea pode ir diretamente nas configura\u00e7\u00f5es do mesmo, na \u00e1rea de gest\u00e3o de Cookies.<\/span><\/p><p><span style=\"font-size: 16px;\">N\u00f3s da Pousada da Ladeira levamos a privacidade e a confian\u00e7a muito a s\u00e9rio e acreditamos que elas s\u00e3o fundamentais para a nossa rela\u00e7\u00e3o com voc\u00ea. Estamos sempre nos atualizando para manter os mais altos padr\u00f5es de seguran\u00e7a e em conformidade com o que existir de mais moderno para dar a voc\u00ea a melhor experi\u00eancia poss\u00edvel conosco.<\/span><\/p><p><span style=\"font-size: 16px;\">Em caso de d\u00favidas sobre esta Pol\u00edtica de Cookies, entre em contato conosco a partir do e-mail <\/span><i style=\"font-size: 16px;\">pousada@daladeira.com.br<\/i><\/p>\t\t\t\t\t\t<\/div>\n\t\t\t\t<\/div>\n\t\t\t\t\t<\/div>\n\t\t<\/div>\n\t\t\t\t\t\t\t<\/div>\n\t\t<\/section>\n\t\t\t\t\t\t\t<\/div>\n\t\t","protected":false},"excerpt":{"rendered":"<p>Pol\u00edtica de Cookies A Pousada da Ladeira utiliza cookies em seu site para melhorar a experi\u00eancia de navega\u00e7\u00e3o de seus h\u00f3spedes\/usu\u00e1rios. A presente Pol\u00edtica de Cookies apresentar\u00e1 informa\u00e7\u00f5es claras e objetivas sobre o que s\u00e3o Cookies, quais Cookies utilizamos em nossas aplica\u00e7\u00f5es, quais pap\u00e9is desempenham e como voc\u00ea pode configur\u00e1-los. Os Cookies s\u00e3o pequenos arquivos [&hellip;]<\/p>\n","protected":false},"author":3,"featured_media":0,"parent":0,"menu_order":0,"comment_status":"closed","ping_status":"closed","template":"","meta":{"footnotes":""},"class_list":["post-464","page","type-page","status-publish","hentry"],"_links":{"self":[{"href":"https:\/\/pousadadaladeira.com.br\/pt\/wp-json\/wp\/v2\/pages\/464"}],"collection":[{"href":"https:\/\/pousadadaladeira.com.br\/pt\/wp-json\/wp\/v2\/pages"}],"about":[{"href":"https:\/\/pousadadaladeira.com.br\/pt\/wp-json\/wp\/v2\/types\/page"}],"author":[{"embeddable":true,"href":"https:\/\/pousadadaladeira.com.br\/pt\/wp-json\/wp\/v2\/users\/3"}],"replies":[{"embeddable":true,"href":"https:\/\/pousadadaladeira.com.br\/pt\/wp-json\/wp\/v2\/comments?post=464"}],"version-history":[{"count":6,"href":"https:\/\/pousadadaladeira.com.br\/pt\/wp-json\/wp\/v2\/pages\/464\/revisions"}],"predecessor-version":[{"id":472,"href":"https:\/\/pousadadaladeira.com.br\/pt\/wp-json\/wp\/v2\/pages\/464\/revisions\/472"}],"wp:attachment":[{"href":"https:\/\/pousadadaladeira.com.br\/pt\/wp-json\/wp\/v2\/media?parent=464"}],"curies":[{"name":"wp","href":"https:\/\/api.w.org\/{rel}","templated":true}]}}